{"id":212,"date":"2017-04-13T16:21:48","date_gmt":"2017-04-13T14:21:48","guid":{"rendered":"https:\/\/www.fpmp.fr\/?page_id=212\/"},"modified":"2017-05-05T20:14:15","modified_gmt":"2017-05-05T18:14:15","slug":"legal-notice","status":"publish","type":"page","link":"https:\/\/www.fpmp.fr\/en\/legal-notice\/","title":{"rendered":"Legal Notice"},"content":{"rendered":"<p><strong>Site Editor:<\/strong><\/p>\n<p><strong>FPMP &#8211; F\u00e9d\u00e9ration des Professionnels de la M\u00e9thode Pilates<\/strong><br \/>\nBo\u00eete n\u00b0 28 &#8211; Maison des associations du 1er arrondissement<br \/>\n5 bis rue du Louvre<br \/>\n75001 PARIS<br \/>\nFRANCE<\/p>\n<p>&nbsp;<\/p>\n<p><strong>Web Hosting:<\/strong><\/p>\n<p><strong>OVH<\/strong><br \/>\n2 rue Kellermann<br \/>\n59100 ROUBAIX<br \/>\nFRANCE<\/p>\n","protected":false},"excerpt":{"rendered":"<p>Site Editor: FPMP &#8211; F\u00e9d\u00e9ration des Professionnels de la M\u00e9thode Pilates Bo\u00eete n\u00b0 28 &#8211; Maison des associations du 1er arrondissement 5 bis rue du Louvre 75001 PARIS FRANCE &nbsp; Web Hosting: OVH 2 rue Kellermann 59100 ROUBAIX FRANCE<\/p>\n","protected":false},"author":180,"featured_media":0,"parent":0,"menu_order":0,"comment_status":"closed","ping_status":"closed","template":"page-templates\/page-sidebar.php","meta":{"footnotes":""},"class_list":["post-212","page","type-page","status-publish","hentry","thm-entry","clearfix","legal-notice"],"_links":{"self":[{"href":"https:\/\/www.fpmp.fr\/en\/wp-json\/wp\/v2\/pages\/212","targetHints":{"allow":["GET"]}}],"collection":[{"href":"https:\/\/www.fpmp.fr\/en\/wp-json\/wp\/v2\/pages"}],"about":[{"href":"https:\/\/www.fpmp.fr\/en\/wp-json\/wp\/v2\/types\/page"}],"author":[{"embeddable":true,"href":"https:\/\/www.fpmp.fr\/en\/wp-json\/wp\/v2\/users\/180"}],"replies":[{"embeddable":true,"href":"https:\/\/www.fpmp.fr\/en\/wp-json\/wp\/v2\/comments?post=212"}],"version-history":[{"count":0,"href":"https:\/\/www.fpmp.fr\/en\/wp-json\/wp\/v2\/pages\/212\/revisions"}],"wp:attachment":[{"href":"https:\/\/www.fpmp.fr\/en\/wp-json\/wp\/v2\/media?parent=212"}],"curies":[{"name":"wp","href":"https:\/\/api.w.org\/{rel}","templated":true}]}}